{"id":44,"date":"2024-11-30T19:08:53","date_gmt":"2024-11-30T18:08:53","guid":{"rendered":"https:\/\/www.complete-music-camp.de\/d\/?page_id=44"},"modified":"2025-11-19T15:09:11","modified_gmt":"2025-11-19T14:09:11","slug":"anmeldung","status":"publish","type":"page","link":"https:\/\/www.completemusiccamp.de\/d\/anmeldung\/","title":{"rendered":"ANMELDUNG"},"content":{"rendered":"\t\t<div data-elementor-type=\"wp-page\" data-elementor-id=\"44\" class=\"elementor elementor-44\" data-elementor-post-type=\"page\">\n\t\t\t\t<div class=\"elementor-element elementor-element-75c8a660 e-flex e-con-boxed e-con e-parent\" data-id=\"75c8a660\" data-element_type=\"container\">\n\t\t\t\t\t<div class=\"e-con-inner\">\n\t\t\t\t<div class=\"elementor-element elementor-element-68b56604 elementor-widget elementor-widget-heading\" data-id=\"68b56604\" data-element_type=\"widget\" data-widget_type=\"heading.default\">\n\t\t\t\t<div class=\"elementor-widget-container\">\n\t\t\t\t\t<h2 class=\"elementor-heading-title elementor-size-default\">Anmeldung 15. Complete Music Camp<\/h2>\t\t\t\t<\/div>\n\t\t\t\t<\/div>\n\t\t\t\t<div class=\"elementor-element elementor-element-50ce8139 elementor-widget elementor-widget-heading\" data-id=\"50ce8139\" data-element_type=\"widget\" data-widget_type=\"heading.default\">\n\t\t\t\t<div class=\"elementor-widget-container\">\n\t\t\t\t\t<h3 class=\"elementor-heading-title elementor-size-default\">Musikmachen pur vom 04. bis 07. Juni 2026 auf der Jugendburg Sensenstein<\/h3>\t\t\t\t<\/div>\n\t\t\t\t<\/div>\n\t\t\t\t<div class=\"elementor-element elementor-element-c2e9da8 elementor-widget elementor-widget-text-editor\" data-id=\"c2e9da8\" data-element_type=\"widget\" data-widget_type=\"text-editor.default\">\n\t\t\t\t<div class=\"elementor-widget-container\">\n\t\t\t\t\t\t\t\t\t<p>Fr\u00fchbucher-Rabatt: bis zum 31. Dezember 2025 gibt es 10% Nachlass auf die Kursgeb\u00fchren!<\/p><p>Mit absenden des nachfolgenden Anmelde-Formulars nehme ich verbindlich am Complete-Music-Camp Kassel vom 04.-07. Juni 2026 zum Preis von 399,\u2013 EUR bzw. erm\u00e4\u00dfigt f\u00fcr Sch\u00fcler*innen, Studierende und Auszubildende: 249,\u2013 EUR teil.<br \/>Der Beitrag beinhaltet die Kursgeb\u00fchren, \u00dcbernachtung, Verpflegung und Betreuung. Die Unterbringung erfolgt in Mehrbettzimmern. Je nach aktueller Verf\u00fcgbarkeit, gibt es ein begrenztes Kontingent an Einzelzimmern.<\/p><p><strong>Achtung: Das Camp startet diesmal wieder am Donnerstagmorgen um 11:00 Uhr (Anreise: 10:00 Uhr)!<\/strong> <br \/>Optional ist auch eine Anreise am Vorabend m\u00f6glich (Aufpreis f\u00fcr zus. \u00dcN + Fr\u00fchst\u00fcck: 37,- \u20ac im DZ, 50,- \u20ac im EZ).<br \/><br \/><\/p><p>Die Anmeldung ist zun\u00e4chst unter Vorbehalt: Die Besetzungen der Bands sollen m\u00f6glichst ausgeglichen sein, daher pr\u00fcfen wir zuvor, ob wir dir einen Platz im Camp sichern k\u00f6nnen.<\/p>\t\t\t\t\t\t\t\t<\/div>\n\t\t\t\t<\/div>\n\t\t<div class=\"elementor-element elementor-element-737e1e64 e-con-full e-flex e-con e-child\" data-id=\"737e1e64\" data-element_type=\"container\">\n\t\t<div class=\"elementor-element elementor-element-4e907fbc e-con-full e-flex e-con e-child\" data-id=\"4e907fbc\" data-element_type=\"container\">\n\t\t\t\t<div class=\"elementor-element elementor-element-3aa5033 elementor-widget elementor-widget-text-editor\" data-id=\"3aa5033\" data-element_type=\"widget\" data-widget_type=\"text-editor.default\">\n\t\t\t\t<div class=\"elementor-widget-container\">\n\t\t\t\t\t\t\t\t\t<iframe style=\"width: 100%; height: 2450px; border: none;\" src=\"https:\/\/www.dw-formmailer.de\/forms.php?f=7983_119971\" frameborder=\"0\" scrolling=\"auto\"><span data-mce-type=\"bookmark\" style=\"display: inline-block; width: 0px; overflow: hidden; line-height: 0;\" class=\"mce_SELRES_start\">\ufeff<\/span><\/iframe>\t\t\t\t\t\t\t\t<\/div>\n\t\t\t\t<\/div>\n\t\t\t\t<\/div>\n\t\t<div class=\"elementor-element elementor-element-62fe1345 e-flex e-con-boxed e-con e-child\" data-id=\"62fe1345\" data-element_type=\"container\">\n\t\t\t\t\t<div class=\"e-con-inner\">\n\t\t\t\t<div class=\"elementor-element elementor-element-68f8a433 elementor-widget elementor-widget-image\" data-id=\"68f8a433\" data-element_type=\"widget\" data-widget_type=\"image.default\">\n\t\t\t\t<div class=\"elementor-widget-container\">\n\t\t\t\t\t\t\t\t\t\t\t\t\t\t\t<img fetchpriority=\"high\" decoding=\"async\" width=\"1707\" height=\"2560\" src=\"https:\/\/www.completemusiccamp.de\/d\/wp-content\/uploads\/2025\/10\/CMC23-36-scaled-1.jpg\" class=\"attachment-full size-full wp-image-1083\" alt=\"Kreatives Bandcamp f\u00fcr Einzelmusiker*innen und Bands\" srcset=\"https:\/\/www.completemusiccamp.de\/d\/wp-content\/uploads\/2025\/10\/CMC23-36-scaled-1.jpg 1707w, https:\/\/www.completemusiccamp.de\/d\/wp-content\/uploads\/2025\/10\/CMC23-36-scaled-1-200x300.jpg 200w, https:\/\/www.completemusiccamp.de\/d\/wp-content\/uploads\/2025\/10\/CMC23-36-scaled-1-683x1024.jpg 683w, https:\/\/www.completemusiccamp.de\/d\/wp-content\/uploads\/2025\/10\/CMC23-36-scaled-1-768x1152.jpg 768w, https:\/\/www.completemusiccamp.de\/d\/wp-content\/uploads\/2025\/10\/CMC23-36-scaled-1-1024x1536.jpg 1024w, https:\/\/www.completemusiccamp.de\/d\/wp-content\/uploads\/2025\/10\/CMC23-36-scaled-1-1366x2048.jpg 1366w\" sizes=\"(max-width: 1707px) 100vw, 1707px\" \/>\t\t\t\t\t\t\t\t\t\t\t\t\t\t\t<\/div>\n\t\t\t\t<\/div>\n\t\t\t\t<div class=\"elementor-element elementor-element-ecd9c50 elementor-widget elementor-widget-text-editor\" data-id=\"ecd9c50\" data-element_type=\"widget\" data-widget_type=\"text-editor.default\">\n\t\t\t\t<div class=\"elementor-widget-container\">\n\t\t\t\t\t\t\t\t\t<p><strong>Das Complete Music Camp bietet die M\u00f6glichkeit, sich f\u00fcr Talentpatenschaften und Stipendien zu bewerben:<\/strong><\/p>\t\t\t\t\t\t\t\t<\/div>\n\t\t\t\t<\/div>\n\t\t\t\t<div class=\"elementor-element elementor-element-0716f55 elementor-widget elementor-widget-button\" data-id=\"0716f55\" data-element_type=\"widget\" data-widget_type=\"button.default\">\n\t\t\t\t<div class=\"elementor-widget-container\">\n\t\t\t\t\t\t\t\t\t<div class=\"elementor-button-wrapper\">\n\t\t\t\t\t<a class=\"elementor-button elementor-button-link elementor-size-sm\" href=\"https:\/\/www.completemusiccamp.de\/d\/stipendium\/\">\n\t\t\t\t\t\t<span class=\"elementor-button-content-wrapper\">\n\t\t\t\t\t\t\t\t\t<span class=\"elementor-button-text\">Mehr infos<\/span>\n\t\t\t\t\t<\/span>\n\t\t\t\t\t<\/a>\n\t\t\t\t<\/div>\n\t\t\t\t\t\t\t\t<\/div>\n\t\t\t\t<\/div>\n\t\t\t\t\t<\/div>\n\t\t\t\t<\/div>\n\t\t\t\t<\/div>\n\t\t\t\t\t<\/div>\n\t\t\t\t<\/div>\n\t\t\t\t<\/div>\n\t\t","protected":false},"excerpt":{"rendered":"<p>Anmeldung 15. Complete Music Camp Musikmachen pur vom 04. bis 07. Juni 2026 auf der Jugendburg Sensenstein Fr\u00fchbucher-Rabatt: bis zum 31. Dezember 2025 gibt es 10% Nachlass auf die Kursgeb\u00fchren! Mit absenden des nachfolgenden Anmelde-Formulars nehme ich verbindlich am Complete-Music-Camp Kassel vom 04.-07. Juni 2026 zum Preis von 399,\u2013 EUR bzw. erm\u00e4\u00dfigt f\u00fcr Sch\u00fcler*innen, Studierende [&hellip;]<\/p>\n","protected":false},"author":2,"featured_media":0,"parent":0,"menu_order":0,"comment_status":"closed","ping_status":"closed","template":"","meta":{"footnotes":""},"class_list":["post-44","page","type-page","status-publish","hentry"],"yoast_head":"<!-- This site is optimized with the Yoast SEO plugin v26.2 - https:\/\/yoast.com\/wordpress\/plugins\/seo\/ -->\n<title>ANMELDUNG - Complete Music Camp<\/title>\n<meta name=\"description\" content=\"Musikmachen pur: jetzt anmelden f\u00fcr das Complete Music Camp auf der Jugendburg Sensenstein bei Kassel.\" \/>\n<meta name=\"robots\" content=\"index, follow, max-snippet:-1, max-image-preview:large, max-video-preview:-1\" \/>\n<link rel=\"canonical\" href=\"https:\/\/www.completemusiccamp.de\/d\/anmeldung\/\" \/>\n<meta property=\"og:locale\" content=\"de_DE\" \/>\n<meta property=\"og:type\" content=\"article\" \/>\n<meta property=\"og:title\" content=\"ANMELDUNG - Complete Music Camp\" \/>\n<meta property=\"og:description\" content=\"Musikmachen pur: jetzt anmelden f\u00fcr das Complete Music Camp auf der Jugendburg Sensenstein bei Kassel.\" \/>\n<meta property=\"og:url\" content=\"https:\/\/www.completemusiccamp.de\/d\/anmeldung\/\" \/>\n<meta property=\"og:site_name\" content=\"Complete Music Camp\" \/>\n<meta property=\"article:publisher\" content=\"https:\/\/www.facebook.com\/CompleteMusicCamp\" \/>\n<meta property=\"article:modified_time\" content=\"2025-11-19T14:09:11+00:00\" \/>\n<meta property=\"og:image\" content=\"https:\/\/www.complete-music-camp.de\/d\/wp-content\/uploads\/2025\/10\/CMC23-36-scaled-1.jpg\" \/>\n<meta name=\"twitter:card\" content=\"summary_large_image\" \/>\n<meta name=\"twitter:label1\" content=\"Gesch\u00e4tzte Lesezeit\" \/>\n\t<meta name=\"twitter:data1\" content=\"2\u00a0Minuten\" \/>\n<script type=\"application\/ld+json\" class=\"yoast-schema-graph\">{\"@context\":\"https:\/\/schema.org\",\"@graph\":[{\"@type\":\"WebPage\",\"@id\":\"https:\/\/www.completemusiccamp.de\/d\/anmeldung\/\",\"url\":\"https:\/\/www.completemusiccamp.de\/d\/anmeldung\/\",\"name\":\"ANMELDUNG - Complete Music Camp\",\"isPartOf\":{\"@id\":\"https:\/\/www.completemusiccamp.de\/d\/#website\"},\"primaryImageOfPage\":{\"@id\":\"https:\/\/www.completemusiccamp.de\/d\/anmeldung\/#primaryimage\"},\"image\":{\"@id\":\"https:\/\/www.completemusiccamp.de\/d\/anmeldung\/#primaryimage\"},\"thumbnailUrl\":\"https:\/\/www.complete-music-camp.de\/d\/wp-content\/uploads\/2025\/10\/CMC23-36-scaled-1.jpg\",\"datePublished\":\"2024-11-30T18:08:53+00:00\",\"dateModified\":\"2025-11-19T14:09:11+00:00\",\"description\":\"Musikmachen pur: jetzt anmelden f\u00fcr das Complete Music Camp auf der Jugendburg Sensenstein bei Kassel.\",\"breadcrumb\":{\"@id\":\"https:\/\/www.completemusiccamp.de\/d\/anmeldung\/#breadcrumb\"},\"inLanguage\":\"de\",\"potentialAction\":[{\"@type\":\"ReadAction\",\"target\":[\"https:\/\/www.completemusiccamp.de\/d\/anmeldung\/\"]}]},{\"@type\":\"ImageObject\",\"inLanguage\":\"de\",\"@id\":\"https:\/\/www.completemusiccamp.de\/d\/anmeldung\/#primaryimage\",\"url\":\"https:\/\/www.complete-music-camp.de\/d\/wp-content\/uploads\/2025\/10\/CMC23-36-scaled-1.jpg\",\"contentUrl\":\"https:\/\/www.complete-music-camp.de\/d\/wp-content\/uploads\/2025\/10\/CMC23-36-scaled-1.jpg\"},{\"@type\":\"BreadcrumbList\",\"@id\":\"https:\/\/www.completemusiccamp.de\/d\/anmeldung\/#breadcrumb\",\"itemListElement\":[{\"@type\":\"ListItem\",\"position\":1,\"name\":\"Startseite\",\"item\":\"https:\/\/www.completemusiccamp.de\/d\/\"},{\"@type\":\"ListItem\",\"position\":2,\"name\":\"ANMELDUNG\"}]},{\"@type\":\"WebSite\",\"@id\":\"https:\/\/www.completemusiccamp.de\/d\/#website\",\"url\":\"https:\/\/www.completemusiccamp.de\/d\/\",\"name\":\"Complete Music Camp\",\"description\":\"MUSIK MACHEN \u2013 TALENTE F\u00d6RDERN\",\"publisher\":{\"@id\":\"https:\/\/www.completemusiccamp.de\/d\/#organization\"},\"potentialAction\":[{\"@type\":\"SearchAction\",\"target\":{\"@type\":\"EntryPoint\",\"urlTemplate\":\"https:\/\/www.completemusiccamp.de\/d\/?s={search_term_string}\"},\"query-input\":{\"@type\":\"PropertyValueSpecification\",\"valueRequired\":true,\"valueName\":\"search_term_string\"}}],\"inLanguage\":\"de\"},{\"@type\":\"Organization\",\"@id\":\"https:\/\/www.completemusiccamp.de\/d\/#organization\",\"name\":\"Complete Music Camp\",\"url\":\"https:\/\/www.completemusiccamp.de\/d\/\",\"logo\":{\"@type\":\"ImageObject\",\"inLanguage\":\"de\",\"@id\":\"https:\/\/www.completemusiccamp.de\/d\/#\/schema\/logo\/image\/\",\"url\":\"https:\/\/www.completemusiccamp.de\/d\/wp-content\/uploads\/2024\/11\/complete-music-camp-logo-r80b.png\",\"contentUrl\":\"https:\/\/www.completemusiccamp.de\/d\/wp-content\/uploads\/2024\/11\/complete-music-camp-logo-r80b.png\",\"width\":852,\"height\":1350,\"caption\":\"Complete Music Camp\"},\"image\":{\"@id\":\"https:\/\/www.completemusiccamp.de\/d\/#\/schema\/logo\/image\/\"},\"sameAs\":[\"https:\/\/www.facebook.com\/CompleteMusicCamp\",\"https:\/\/www.youtube.com\/@completemusiccamp5451\",\"https:\/\/www.instagram.com\/completemusiccamp\/\"]}]}<\/script>\n<!-- \/ Yoast SEO plugin. -->","yoast_head_json":{"title":"ANMELDUNG - Complete Music Camp","description":"Musikmachen pur: jetzt anmelden f\u00fcr das Complete Music Camp auf der Jugendburg Sensenstein bei Kassel.","robots":{"index":"index","follow":"follow","max-snippet":"max-snippet:-1","max-image-preview":"max-image-preview:large","max-video-preview":"max-video-preview:-1"},"canonical":"https:\/\/www.completemusiccamp.de\/d\/anmeldung\/","og_locale":"de_DE","og_type":"article","og_title":"ANMELDUNG - Complete Music Camp","og_description":"Musikmachen pur: jetzt anmelden f\u00fcr das Complete Music Camp auf der Jugendburg Sensenstein bei Kassel.","og_url":"https:\/\/www.completemusiccamp.de\/d\/anmeldung\/","og_site_name":"Complete Music Camp","article_publisher":"https:\/\/www.facebook.com\/CompleteMusicCamp","article_modified_time":"2025-11-19T14:09:11+00:00","og_image":[{"url":"https:\/\/www.complete-music-camp.de\/d\/wp-content\/uploads\/2025\/10\/CMC23-36-scaled-1.jpg","type":"","width":"","height":""}],"twitter_card":"summary_large_image","twitter_misc":{"Gesch\u00e4tzte Lesezeit":"2\u00a0Minuten"},"schema":{"@context":"https:\/\/schema.org","@graph":[{"@type":"WebPage","@id":"https:\/\/www.completemusiccamp.de\/d\/anmeldung\/","url":"https:\/\/www.completemusiccamp.de\/d\/anmeldung\/","name":"ANMELDUNG - Complete Music Camp","isPartOf":{"@id":"https:\/\/www.completemusiccamp.de\/d\/#website"},"primaryImageOfPage":{"@id":"https:\/\/www.completemusiccamp.de\/d\/anmeldung\/#primaryimage"},"image":{"@id":"https:\/\/www.completemusiccamp.de\/d\/anmeldung\/#primaryimage"},"thumbnailUrl":"https:\/\/www.complete-music-camp.de\/d\/wp-content\/uploads\/2025\/10\/CMC23-36-scaled-1.jpg","datePublished":"2024-11-30T18:08:53+00:00","dateModified":"2025-11-19T14:09:11+00:00","description":"Musikmachen pur: jetzt anmelden f\u00fcr das Complete Music Camp auf der Jugendburg Sensenstein bei Kassel.","breadcrumb":{"@id":"https:\/\/www.completemusiccamp.de\/d\/anmeldung\/#breadcrumb"},"inLanguage":"de","potentialAction":[{"@type":"ReadAction","target":["https:\/\/www.completemusiccamp.de\/d\/anmeldung\/"]}]},{"@type":"ImageObject","inLanguage":"de","@id":"https:\/\/www.completemusiccamp.de\/d\/anmeldung\/#primaryimage","url":"https:\/\/www.complete-music-camp.de\/d\/wp-content\/uploads\/2025\/10\/CMC23-36-scaled-1.jpg","contentUrl":"https:\/\/www.complete-music-camp.de\/d\/wp-content\/uploads\/2025\/10\/CMC23-36-scaled-1.jpg"},{"@type":"BreadcrumbList","@id":"https:\/\/www.completemusiccamp.de\/d\/anmeldung\/#breadcrumb","itemListElement":[{"@type":"ListItem","position":1,"name":"Startseite","item":"https:\/\/www.completemusiccamp.de\/d\/"},{"@type":"ListItem","position":2,"name":"ANMELDUNG"}]},{"@type":"WebSite","@id":"https:\/\/www.completemusiccamp.de\/d\/#website","url":"https:\/\/www.completemusiccamp.de\/d\/","name":"Complete Music Camp","description":"MUSIK MACHEN \u2013 TALENTE F\u00d6RDERN","publisher":{"@id":"https:\/\/www.completemusiccamp.de\/d\/#organization"},"potentialAction":[{"@type":"SearchAction","target":{"@type":"EntryPoint","urlTemplate":"https:\/\/www.completemusiccamp.de\/d\/?s={search_term_string}"},"query-input":{"@type":"PropertyValueSpecification","valueRequired":true,"valueName":"search_term_string"}}],"inLanguage":"de"},{"@type":"Organization","@id":"https:\/\/www.completemusiccamp.de\/d\/#organization","name":"Complete Music Camp","url":"https:\/\/www.completemusiccamp.de\/d\/","logo":{"@type":"ImageObject","inLanguage":"de","@id":"https:\/\/www.completemusiccamp.de\/d\/#\/schema\/logo\/image\/","url":"https:\/\/www.completemusiccamp.de\/d\/wp-content\/uploads\/2024\/11\/complete-music-camp-logo-r80b.png","contentUrl":"https:\/\/www.completemusiccamp.de\/d\/wp-content\/uploads\/2024\/11\/complete-music-camp-logo-r80b.png","width":852,"height":1350,"caption":"Complete Music Camp"},"image":{"@id":"https:\/\/www.completemusiccamp.de\/d\/#\/schema\/logo\/image\/"},"sameAs":["https:\/\/www.facebook.com\/CompleteMusicCamp","https:\/\/www.youtube.com\/@completemusiccamp5451","https:\/\/www.instagram.com\/completemusiccamp\/"]}]}},"_links":{"self":[{"href":"https:\/\/www.completemusiccamp.de\/d\/wp-json\/wp\/v2\/pages\/44","targetHints":{"allow":["GET"]}}],"collection":[{"href":"https:\/\/www.completemusiccamp.de\/d\/wp-json\/wp\/v2\/pages"}],"about":[{"href":"https:\/\/www.completemusiccamp.de\/d\/wp-json\/wp\/v2\/types\/page"}],"author":[{"embeddable":true,"href":"https:\/\/www.completemusiccamp.de\/d\/wp-json\/wp\/v2\/users\/2"}],"replies":[{"embeddable":true,"href":"https:\/\/www.completemusiccamp.de\/d\/wp-json\/wp\/v2\/comments?post=44"}],"version-history":[{"count":77,"href":"https:\/\/www.completemusiccamp.de\/d\/wp-json\/wp\/v2\/pages\/44\/revisions"}],"predecessor-version":[{"id":1548,"href":"https:\/\/www.completemusiccamp.de\/d\/wp-json\/wp\/v2\/pages\/44\/revisions\/1548"}],"wp:attachment":[{"href":"https:\/\/www.completemusiccamp.de\/d\/wp-json\/wp\/v2\/media?parent=44"}],"curies":[{"name":"wp","href":"https:\/\/api.w.org\/{rel}","templated":true}]}}